{"id":14,"date":"2018-10-14T15:50:56","date_gmt":"2018-10-14T13:50:56","guid":{"rendered":"http:\/\/zukunft-fuer-jugend.de\/?page_id=14"},"modified":"2022-04-12T08:11:48","modified_gmt":"2022-04-12T06:11:48","slug":"vorstand","status":"publish","type":"page","link":"https:\/\/zukunft-fuer-jugend.de\/index.php\/vorstand\/","title":{"rendered":"Vorstand"},"content":{"rendered":"\n<p>Entsprechend der Satzung des Vereins wird der Vorstand in der Jahreshauptversammlung f\u00fcr 2 Jahre gew\u00e4hlt:<\/p>\n\n\n\n<div style=\"height:100px\" aria-hidden=\"true\" class=\"wp-block-spacer\"><\/div>\n\n\n\n<div class=\"wp-block-media-text alignwide is-stacked-on-mobile\" style=\"grid-template-columns:15% auto\"><figure class=\"wp-block-media-text__media\"><img loading=\"lazy\" decoding=\"async\" width=\"643\" height=\"1024\" src=\"https:\/\/zukunft-fuer-jugend.de\/wp-content\/uploads\/2022\/04\/elisabeth.jpg\" alt=\"\" class=\"wp-image-81 size-full\" srcset=\"https:\/\/zukunft-fuer-jugend.de\/wp-content\/uploads\/2022\/04\/elisabeth.jpg 643w, https:\/\/zukunft-fuer-jugend.de\/wp-content\/uploads\/2022\/04\/elisabeth-188x300.jpg 188w\" sizes=\"auto, (max-width: 643px) 100vw, 643px\" \/><\/figure><div class=\"wp-block-media-text__content\">\n<p>1. Vorsitzende ist Elisabeth Vodde-B\u00f6rgerding<br>Elisabeth pr\u00e4sentiert den Verein nach Au\u00dfen.<br>05494\/1774<\/p>\n<\/div><\/div>\n\n\n\n<div style=\"height:100px\" aria-hidden=\"true\" class=\"wp-block-spacer\"><\/div>\n\n\n\n<div class=\"wp-block-media-text alignwide is-stacked-on-mobile\" style=\"grid-template-columns:15% auto\"><figure class=\"wp-block-media-text__media\"><img loading=\"lazy\" decoding=\"async\" width=\"658\" height=\"1024\" src=\"https:\/\/zukunft-fuer-jugend.de\/wp-content\/uploads\/2022\/04\/andrea-658x1024.jpg\" alt=\"\" class=\"wp-image-80 size-full\" srcset=\"https:\/\/zukunft-fuer-jugend.de\/wp-content\/uploads\/2022\/04\/andrea-658x1024.jpg 658w, https:\/\/zukunft-fuer-jugend.de\/wp-content\/uploads\/2022\/04\/andrea-193x300.jpg 193w, https:\/\/zukunft-fuer-jugend.de\/wp-content\/uploads\/2022\/04\/andrea-768x1195.jpg 768w, https:\/\/zukunft-fuer-jugend.de\/wp-content\/uploads\/2022\/04\/andrea.jpg 958w\" sizes=\"auto, (max-width: 658px) 100vw, 658px\" \/><\/figure><div class=\"wp-block-media-text__content\">\n<p>2. Vorsitzende ist Andrea Stangenberg<br>Andrea ist Sozialp\u00e4dagogin und ist f\u00fcr den Jugendtreff und den Kindertreff verantwortlich. Sie organisiert die Ferienbetreuung, plant und f\u00fchrt die Aktionen in den Ferien durch und hilft im Ganztagsbetrieb der Grundschule mit.<\/p>\n<\/div><\/div>\n\n\n\n<div style=\"height:100px\" aria-hidden=\"true\" class=\"wp-block-spacer\"><\/div>\n\n\n\n<div class=\"wp-block-media-text alignwide is-stacked-on-mobile\" style=\"grid-template-columns:15% auto\"><figure class=\"wp-block-media-text__media\"><img loading=\"lazy\" decoding=\"async\" width=\"1417\" height=\"1925\" src=\"https:\/\/zukunft-fuer-jugend.de\/wp-content\/uploads\/2022\/04\/inge.jpg\" alt=\"\" class=\"wp-image-79 size-full\" srcset=\"https:\/\/zukunft-fuer-jugend.de\/wp-content\/uploads\/2022\/04\/inge.jpg 1417w, https:\/\/zukunft-fuer-jugend.de\/wp-content\/uploads\/2022\/04\/inge-221x300.jpg 221w, https:\/\/zukunft-fuer-jugend.de\/wp-content\/uploads\/2022\/04\/inge-754x1024.jpg 754w, https:\/\/zukunft-fuer-jugend.de\/wp-content\/uploads\/2022\/04\/inge-768x1043.jpg 768w, https:\/\/zukunft-fuer-jugend.de\/wp-content\/uploads\/2022\/04\/inge-1131x1536.jpg 1131w, https:\/\/zukunft-fuer-jugend.de\/wp-content\/uploads\/2022\/04\/inge-1140x1549.jpg 1140w\" sizes=\"auto, (max-width: 1417px) 100vw, 1417px\" \/><\/figure><div class=\"wp-block-media-text__content\">\n<p>Gesch\u00e4ftsf\u00fchrerin und Kontaktperson der ev. Kirche ist Inge Olberding<br>Als Schatzmeisterin zust\u00e4ndig f\u00fcr die Verwaltung des Vereins. Lehrerin i.R.<\/p>\n<\/div><\/div>\n\n\n\n<div style=\"height:100px\" aria-hidden=\"true\" class=\"wp-block-spacer\"><\/div>\n\n\n\n<p><\/p>\n\n\n\n<p>Beigeordnete der kath. Kirche ist Ute Rybka-Beckermann.<\/p>\n\n\n\n<p>Beigeordnete der ev. Kirche ist Imke Greve<\/p>\n\n\n\n<p>Beigeordneter der CDU ist Hendrick Echtermann.<\/p>\n\n\n\n<p>Beigeordneter der SPD ist Stephan M\u00f6hring.<\/p>\n\n\n\n<p>Beigeordneter der IGEHO ist Andreas Lucht.<\/p>\n\n\n\n<p>Interesse an einer Mitarbeit in unserem Vorstand? Wir freuen uns \u00fcber jeden oder jede, die sich einbringen m\u00f6chte, Ideen oder Vorschl\u00e4ge hat.<\/p>\n","protected":false},"excerpt":{"rendered":"<p>Entsprechend der Satzung des Vereins wird der Vorstand in der Jahreshauptversammlung f\u00fcr 2 Jahre gew\u00e4hlt: 1. Vorsitzende ist Elisabeth Vodde-B\u00f6rgerdingElisabeth pr\u00e4sentiert den Verein nach Au\u00dfen.05494\/1774 2. Vorsitzende ist Andrea StangenbergAndrea ist Sozialp\u00e4dagogin und ist f\u00fcr den Jugendtreff und den Kindertreff verantwortlich. Sie organisiert die Ferienbetreuung, plant und f\u00fchrt die Aktionen in den Ferien durch und hilft im Ganztagsbetrieb der Grundschule mit. Gesch\u00e4ftsf\u00fchrerin und Kontaktperson der ev. Kirche ist Inge OlberdingAls Schatzmeisterin zust\u00e4ndig f\u00fcr die Verwaltung des Vereins. Lehrerin i.R. Beigeordnete der kath. Kirche ist Ute Rybka-Beckermann. Beigeordnete der ev. Kirche ist Imke Greve Beigeordneter der CDU ist Hendrick Echtermann. Beigeordneter der SPD ist Stephan M\u00f6hring. Beigeordneter der IGEHO ist Andreas Lucht. Interesse an einer Mitarbeit in unserem Vorstand? Wir freuen uns \u00fcber jeden oder jede, die sich einbringen m\u00f6chte, Ideen oder Vorschl\u00e4ge hat.<\/p>\n","protected":false},"author":1,"featured_media":0,"parent":0,"menu_order":0,"comment_status":"closed","ping_status":"closed","template":"","meta":{"footnotes":""},"class_list":["post-14","page","type-page","status-publish","hentry"],"_links":{"self":[{"href":"https:\/\/zukunft-fuer-jugend.de\/index.php\/wp-json\/wp\/v2\/pages\/14","targetHints":{"allow":["GET"]}}],"collection":[{"href":"https:\/\/zukunft-fuer-jugend.de\/index.php\/wp-json\/wp\/v2\/pages"}],"about":[{"href":"https:\/\/zukunft-fuer-jugend.de\/index.php\/wp-json\/wp\/v2\/types\/page"}],"author":[{"embeddable":true,"href":"https:\/\/zukunft-fuer-jugend.de\/index.php\/wp-json\/wp\/v2\/users\/1"}],"replies":[{"embeddable":true,"href":"https:\/\/zukunft-fuer-jugend.de\/index.php\/wp-json\/wp\/v2\/comments?post=14"}],"version-history":[{"count":8,"href":"https:\/\/zukunft-fuer-jugend.de\/index.php\/wp-json\/wp\/v2\/pages\/14\/revisions"}],"predecessor-version":[{"id":86,"href":"https:\/\/zukunft-fuer-jugend.de\/index.php\/wp-json\/wp\/v2\/pages\/14\/revisions\/86"}],"wp:attachment":[{"href":"https:\/\/zukunft-fuer-jugend.de\/index.php\/wp-json\/wp\/v2\/media?parent=14"}],"curies":[{"name":"wp","href":"https:\/\/api.w.org\/{rel}","templated":true}]}}