{"id":10,"date":"2018-10-14T15:49:05","date_gmt":"2018-10-14T13:49:05","guid":{"rendered":"http:\/\/zukunft-fuer-jugend.de\/?page_id=10"},"modified":"2018-10-14T15:49:05","modified_gmt":"2018-10-14T13:49:05","slug":"zur-entstehung","status":"publish","type":"page","link":"https:\/\/zukunft-fuer-jugend.de\/index.php\/zur-entstehung\/","title":{"rendered":"Zur Entstehung"},"content":{"rendered":"<p>Am 3.11.2005 trafen sich 20 M\u00e4nner und Frauen im Jugendtreff an der Badberger Stra\u00dfe zur Gr\u00fcndungsversammlung des Vereins. Der Rat der Gemeinde Holdorf \u00fcbertrug die Aufgabe der \u00f6ffentlichen Jugendpflege an den Verein. Der Name sollte Programm werden: &#8222;Zukunft f\u00fcr Jugend Holdorf e.V.&#8220;<br \/>\nZiele und Aufgaben des Vereins:<\/p>\n<p>&#8211; Anstellung einer Jugendpflegerin<br \/>\n&#8211; Verl\u00e4ssliche \u00d6ffnungszeiten des Treffs<br \/>\n&#8211; aufsuchende Jugendarbeit<br \/>\n&#8211; Einzelfallhilfe und Beratung<br \/>\n&#8211; Ferienbetreuung f\u00fcr Grundsch\u00fcler<br \/>\n&#8211; Hausaufgabenhilfe f\u00fcr Grundsch\u00fcler<br \/>\n&#8211; Freizeitangebote f\u00fcr Kinder und Jugendliche<br \/>\n&#8211; Kooperation mit Schulen und Vereinen<\/p>\n","protected":false},"excerpt":{"rendered":"<p>Am 3.11.2005 trafen sich 20 M\u00e4nner und Frauen im Jugendtreff an der Badberger Stra\u00dfe zur Gr\u00fcndungsversammlung des Vereins. Der Rat der Gemeinde Holdorf \u00fcbertrug die Aufgabe der \u00f6ffentlichen Jugendpflege an den Verein. Der Name sollte Programm werden: &#8222;Zukunft f\u00fcr Jugend Holdorf e.V.&#8220; Ziele und Aufgaben des Vereins: &#8211; Anstellung einer Jugendpflegerin &#8211; Verl\u00e4ssliche \u00d6ffnungszeiten des Treffs &#8211; aufsuchende Jugendarbeit &#8211; Einzelfallhilfe und Beratung &#8211; Ferienbetreuung f\u00fcr Grundsch\u00fcler &#8211; Hausaufgabenhilfe f\u00fcr Grundsch\u00fcler &#8211; Freizeitangebote f\u00fcr Kinder und Jugendliche &#8211; Kooperation mit Schulen und Vereinen<\/p>\n","protected":false},"author":1,"featured_media":0,"parent":0,"menu_order":0,"comment_status":"closed","ping_status":"closed","template":"","meta":{"footnotes":""},"class_list":["post-10","page","type-page","status-publish","hentry"],"_links":{"self":[{"href":"https:\/\/zukunft-fuer-jugend.de\/index.php\/wp-json\/wp\/v2\/pages\/10","targetHints":{"allow":["GET"]}}],"collection":[{"href":"https:\/\/zukunft-fuer-jugend.de\/index.php\/wp-json\/wp\/v2\/pages"}],"about":[{"href":"https:\/\/zukunft-fuer-jugend.de\/index.php\/wp-json\/wp\/v2\/types\/page"}],"author":[{"embeddable":true,"href":"https:\/\/zukunft-fuer-jugend.de\/index.php\/wp-json\/wp\/v2\/users\/1"}],"replies":[{"embeddable":true,"href":"https:\/\/zukunft-fuer-jugend.de\/index.php\/wp-json\/wp\/v2\/comments?post=10"}],"version-history":[{"count":1,"href":"https:\/\/zukunft-fuer-jugend.de\/index.php\/wp-json\/wp\/v2\/pages\/10\/revisions"}],"predecessor-version":[{"id":11,"href":"https:\/\/zukunft-fuer-jugend.de\/index.php\/wp-json\/wp\/v2\/pages\/10\/revisions\/11"}],"wp:attachment":[{"href":"https:\/\/zukunft-fuer-jugend.de\/index.php\/wp-json\/wp\/v2\/media?parent=10"}],"curies":[{"name":"wp","href":"https:\/\/api.w.org\/{rel}","templated":true}]}}